{"id":924,"date":"2022-02-14T12:39:55","date_gmt":"2022-02-14T12:39:55","guid":{"rendered":"https:\/\/hotelpetrakija.com\/informacije-o-podrucju-hotela\/"},"modified":"2023-09-02T12:21:11","modified_gmt":"2023-09-02T12:21:11","slug":"informacije-o-okolici","status":"publish","type":"page","link":"https:\/\/hotelpetrakija.com\/bs\/informacije-o-okolici\/","title":{"rendered":"Informacije o okolici"},"content":{"rendered":"\n<div id=\"block-29973c-d22c-47\" class=\"wp-block-gutenbee-container block-29973c-d22c-47\"><div class=\"wp-block-gutenbee-container-inner\"><div class=\"wp-block-gutenbee-container-row wp-block-gutenbee-container-lg\">\n<div class=\"wp-block-gutenbee-column block-eecc00-9096-41\"><style>@media (max-width: 991px) {\n        .wp-block-gutenbee-column.block-eecc00-9096-41 { flex-basis: 100%; }\n      }\n    \n\n      @media (max-width: 575px) {\n        .wp-block-gutenbee-column.block-eecc00-9096-41 { flex-basis: 100%; }\n      }<\/style><div class=\"wp-block-gutenbee-column-content\">\n<h6 class=\"wp-block-heading\">Smje\u0161ten u povijesnom starom gradu<\/h6>\n\n\n\n<p><strong>Crkveni zvonici<\/strong> i <strong>minareti<\/strong> dominiraju starim gradom u Sarajevu, fascinantnoj mje\u0161avini otomanskog, austrougarskog, slavenskog i \u017eidovskog utjecaja.<\/p>\n<\/div><\/div>\n<\/div><\/div><div class=\"wp-block-gutenbee-container-background\" data-parallax-speed=\"0.3\"><\/div><\/div>\n\n\n\n<h2 id=\"block-d12702-63\" class=\"wp-block-gutenbee-heading block-d12702-63\">Okolica hotela <\/h2>\n\n\n<style>.kb-row-layout-id924_f0c3c3-d6 > .kt-row-column-wrap{align-content:start;}:where(.kb-row-layout-id924_f0c3c3-d6 > .kt-row-column-wrap) > .wp-block-kadence-column{justify-content:start;}.kb-row-layout-id924_f0c3c3-d6 > .kt-row-column-wrap{column-gap:var(--global-kb-gap-md, 2rem);row-gap:var(--global-kb-gap-md, 2rem);padding-top:var(--global-kb-spacing-sm, 1.5rem);padding-bottom:var(--global-kb-spacing-sm, 1.5rem);}.kb-row-layout-id924_f0c3c3-d6 > .kt-row-column-wrap > div:not(.added-for-specificity){grid-column:initial;}.kb-row-layout-id924_f0c3c3-d6 > .kt-row-column-wrap{grid-template-columns:repeat(3, minmax(0, 1fr));}.kb-row-layout-id924_f0c3c3-d6 > .kt-row-layout-overlay{opacity:0.30;}@media all and (max-width: 1024px){.kb-row-layout-id924_f0c3c3-d6 > .kt-row-column-wrap > div:not(.added-for-specificity){grid-column:initial;}}@media all and (max-width: 1024px){.kb-row-layout-id924_f0c3c3-d6 > .kt-row-column-wrap{grid-template-columns:repeat(3, minmax(0, 1fr));}}@media all and (max-width: 767px){.kb-row-layout-id924_f0c3c3-d6 > .kt-row-column-wrap > div:not(.added-for-specificity){grid-column:initial;}.kb-row-layout-id924_f0c3c3-d6 > .kt-row-column-wrap{grid-template-columns:minmax(0, 1fr);}}<\/style><div class=\"kb-row-layout-wrap kb-row-layout-id924_f0c3c3-d6 alignnone wp-block-kadence-rowlayout\"><div class=\"kt-row-column-wrap kt-has-3-columns kt-row-layout-equal kt-tab-layout-inherit kt-mobile-layout-row kt-row-valign-top\">\n<style>.kadence-column924_f051ae-0b > .kt-inside-inner-col,.kadence-column924_f051ae-0b > .kt-inside-inner-col:before{border-top-left-radius:0px;border-top-right-radius:0px;border-bottom-right-radius:0px;border-bottom-left-radius:0px;}.kadence-column924_f051ae-0b > .kt-inside-inner-col{column-gap:var(--global-kb-gap-sm, 1rem);}.kadence-column924_f051ae-0b > .kt-inside-inner-col{flex-direction:column;}.kadence-column924_f051ae-0b > .kt-inside-inner-col > .aligncenter{width:100%;}.kadence-column924_f051ae-0b > .kt-inside-inner-col:before{opacity:0.3;}.kadence-column924_f051ae-0b{position:relative;}@media all and (max-width: 1024px){.kadence-column924_f051ae-0b > .kt-inside-inner-col{flex-direction:column;justify-content:center;}}@media all and (max-width: 767px){.kadence-column924_f051ae-0b > .kt-inside-inner-col{flex-direction:column;justify-content:center;}}<\/style>\n<div class=\"wp-block-kadence-column kadence-column924_f051ae-0b inner-column-1\"><div class=\"kt-inside-inner-col\">\n<p><strong>\u0160to je u blizini<\/strong><\/p>\n\n\n\n<ul class=\"wp-block-list\">\n<li>Trg oslobo\u0111enja Alija Izetbegovi\u0107 200 m<\/li>\n\n\n\n<li>Old Sarajevo Clock Tower 400 m<\/li>\n\n\n\n<li>Harem Kalin\u00ad had\u017ei Alijine d\u017eamije 400 m<\/li>\n\n\n\n<li>At mejdan 450 m<\/li>\n\n\n\n<li>Latinska \u0107uprija 500 m<\/li>\n\n\n\n<li>Svrzina ku\u0107a 500 m<\/li>\n\n\n\n<li>Veliki park 500 m<\/li>\n\n\n\n<li>FPN 500 m<\/li>\n\n\n\n<li>Mori\u0107a han 500 m<\/li>\n\n\n\n<li>Sebilj 600 m<\/li>\n<\/ul>\n<\/div><\/div>\n\n\n<style>.kadence-column924_045e27-b5 > .kt-inside-inner-col,.kadence-column924_045e27-b5 > .kt-inside-inner-col:before{border-top-left-radius:0px;border-top-right-radius:0px;border-bottom-right-radius:0px;border-bottom-left-radius:0px;}.kadence-column924_045e27-b5 > .kt-inside-inner-col{column-gap:var(--global-kb-gap-sm, 1rem);}.kadence-column924_045e27-b5 > .kt-inside-inner-col{flex-direction:column;}.kadence-column924_045e27-b5 > .kt-inside-inner-col > .aligncenter{width:100%;}.kadence-column924_045e27-b5 > .kt-inside-inner-col:before{opacity:0.3;}.kadence-column924_045e27-b5{position:relative;}@media all and (max-width: 1024px){.kadence-column924_045e27-b5 > .kt-inside-inner-col{flex-direction:column;justify-content:center;}}@media all and (max-width: 767px){.kadence-column924_045e27-b5 > .kt-inside-inner-col{flex-direction:column;justify-content:center;}}<\/style>\n<div class=\"wp-block-kadence-column kadence-column924_045e27-b5 inner-column-2\"><div class=\"kt-inside-inner-col\">\n<p><strong>Restorani i kafi\u0107i<\/strong><\/p>\n\n\n\n<ul class=\"wp-block-list\">\n<li>Kafi\u0107 Franz &amp; Sophie 30 m<\/li>\n\n\n\n<li>Restoran Zara iz Duvara 50 m<\/li>\n\n\n\n<li>Restoran Karuzo 50 m<\/li>\n<\/ul>\n\n\n\n<p><strong>Najpopularnije atrakcije<\/strong><\/p>\n\n\n\n<ul class=\"wp-block-list\">\n<li>Yellow Fortress 1.1 km<\/li>\n\n\n\n<li>Avaz toranj1.8 km<\/li>\n\n\n\n<li>Zoolo\u0161ki vrt u Sarajevu 2.2 km<\/li>\n\n\n\n<li>Sarajevski ratni tunel 8 km<\/li>\n<\/ul>\n<\/div><\/div>\n\n\n<style>.kadence-column924_190486-22 > .kt-inside-inner-col,.kadence-column924_190486-22 > .kt-inside-inner-col:before{border-top-left-radius:0px;border-top-right-radius:0px;border-bottom-right-radius:0px;border-bottom-left-radius:0px;}.kadence-column924_190486-22 > .kt-inside-inner-col{column-gap:var(--global-kb-gap-sm, 1rem);}.kadence-column924_190486-22 > .kt-inside-inner-col{flex-direction:column;}.kadence-column924_190486-22 > .kt-inside-inner-col > .aligncenter{width:100%;}.kadence-column924_190486-22 > .kt-inside-inner-col:before{opacity:0.3;}.kadence-column924_190486-22{position:relative;}@media all and (max-width: 1024px){.kadence-column924_190486-22 > .kt-inside-inner-col{flex-direction:column;justify-content:center;}}@media all and (max-width: 767px){.kadence-column924_190486-22 > .kt-inside-inner-col{flex-direction:column;justify-content:center;}}<\/style>\n<div class=\"wp-block-kadence-column kadence-column924_190486-22 inner-column-3\"><div class=\"kt-inside-inner-col\">\n<p><strong>Prirodne ljepote<\/strong><\/p>\n\n\n\n<ul class=\"wp-block-list\">\n<li>Rijeka Vrelo Bosne 13 km<\/li>\n\n\n\n<li>Planina Bosanske piramide 24 km<\/li>\n<\/ul>\n\n\n\n<p><strong><strong>Skija\u0161ke \u017ei\u010dare<\/strong><\/strong><\/p>\n\n\n\n<ul class=\"wp-block-list\">\n<li>\u017di\u010dara Ravna Planina 16 km<\/li>\n\n\n\n<li>Igman 1 17 km<\/li>\n\n\n\n<li>Igman 2 17 km<\/li>\n<\/ul>\n\n\n\n<p> <strong><strong>Najbli\u017ee zra\u010dne luke<\/strong><\/strong><\/p>\n\n\n\n<ul class=\"wp-block-list\">\n<li>Me\u0111unarodna zra\u010dna luka Sarajevo 7 km<\/li>\n\n\n\n<li>Me\u0111unarodna zra\u010dna luka Tuzla 70 km<\/li>\n\n\n\n<li>Me\u0111unarodna zra\u010dna luka Mostar 79 km<\/li>\n<\/ul>\n<\/div><\/div>\n\n<\/div><\/div>\n\n\n<div id=\"block-77bd9c-40e2-4a\" class=\"wp-block-gutenbee-divider block-77bd9c-40e2-4a align-center\" style=\"height:10px\"><div class=\"wp-block-gutenbee-divider-inner\" style=\"border-top-style:dashed;border-top-width:1px;border-top-color:#d9d9d9;width:100%\"><\/div><\/div>\n\n\n\n<h2 id=\"block-54379f-5787-48\" class=\"wp-block-gutenbee-heading block-54379f-5787-48\"><strong><strong>Sadr\u017eaji u smje\u0161tajnom objektu Heritage Hotel Petrakija<\/strong><\/strong><\/h2>\n\n\n<style>.kb-row-layout-id924_aff861-c1 > .kt-row-column-wrap{align-content:start;}:where(.kb-row-layout-id924_aff861-c1 > .kt-row-column-wrap) > .wp-block-kadence-column{justify-content:start;}.kb-row-layout-id924_aff861-c1 > .kt-row-column-wrap{column-gap:var(--global-kb-gap-md, 2rem);row-gap:var(--global-kb-gap-md, 2rem);padding-top:var(--global-kb-spacing-sm, 1.5rem);padding-bottom:var(--global-kb-spacing-sm, 1.5rem);}.kb-row-layout-id924_aff861-c1 > .kt-row-column-wrap > div:not(.added-for-specificity){grid-column:initial;}.kb-row-layout-id924_aff861-c1 > .kt-row-column-wrap{grid-template-columns:repeat(3, minmax(0, 1fr));}.kb-row-layout-id924_aff861-c1 > .kt-row-layout-overlay{opacity:0.30;}@media all and (max-width: 1024px){.kb-row-layout-id924_aff861-c1 > .kt-row-column-wrap > div:not(.added-for-specificity){grid-column:initial;}}@media all and (max-width: 1024px){.kb-row-layout-id924_aff861-c1 > .kt-row-column-wrap{grid-template-columns:repeat(3, minmax(0, 1fr));}}@media all and (max-width: 767px){.kb-row-layout-id924_aff861-c1 > .kt-row-column-wrap > div:not(.added-for-specificity){grid-column:initial;}.kb-row-layout-id924_aff861-c1 > .kt-row-column-wrap{grid-template-columns:minmax(0, 1fr);}}<\/style><div class=\"kb-row-layout-wrap kb-row-layout-id924_aff861-c1 alignnone wp-block-kadence-rowlayout\"><div class=\"kt-row-column-wrap kt-has-3-columns kt-row-layout-equal kt-tab-layout-inherit kt-mobile-layout-row kt-row-valign-top\">\n<style>.kadence-column924_7d38bc-e2 > .kt-inside-inner-col,.kadence-column924_7d38bc-e2 > .kt-inside-inner-col:before{border-top-left-radius:0px;border-top-right-radius:0px;border-bottom-right-radius:0px;border-bottom-left-radius:0px;}.kadence-column924_7d38bc-e2 > .kt-inside-inner-col{column-gap:var(--global-kb-gap-sm, 1rem);}.kadence-column924_7d38bc-e2 > .kt-inside-inner-col{flex-direction:column;}.kadence-column924_7d38bc-e2 > .kt-inside-inner-col > .aligncenter{width:100%;}.kadence-column924_7d38bc-e2 > .kt-inside-inner-col{background-color:#ffffff;}.kadence-column924_7d38bc-e2 > .kt-inside-inner-col:before{opacity:0.3;}.kadence-column924_7d38bc-e2{position:relative;}@media all and (max-width: 1024px){.kadence-column924_7d38bc-e2 > .kt-inside-inner-col{flex-direction:column;justify-content:center;}}@media all and (max-width: 767px){.kadence-column924_7d38bc-e2 > .kt-inside-inner-col{flex-direction:column;justify-content:center;}}<\/style>\n<div class=\"wp-block-kadence-column kadence-column924_7d38bc-e2 inner-column-1\"><div class=\"kt-inside-inner-col\">\n<p><strong>Kupaonica<\/strong><\/p>\n\n\n\n<ul class=\"wp-block-list\">\n<li>toaletni papir<\/li>\n\n\n\n<li>ru\u010dnici<\/li>\n\n\n\n<li>ru\u010dnici\/ posteljina uz nadoplatu<\/li>\n\n\n\n<li>kada ili tu\u0161 kabina<\/li>\n\n\n\n<li>papu\u010de<\/li>\n\n\n\n<li>vlastita kupaonica<\/li>\n\n\n\n<li>WC<\/li>\n\n\n\n<li>besplatan toaletni pribor<\/li>\n\n\n\n<li>su\u0161ilo za kosu<\/li>\n\n\n\n<li>kada<\/li>\n<\/ul>\n\n\n\n<p><strong><strong>Spava\u0107a soba<\/strong><\/strong><\/p>\n\n\n\n<ul class=\"wp-block-list\">\n<li>posteljina<\/li>\n\n\n\n<li>garderoba ili ormar<\/li>\n\n\n\n<li>vrlo dugi kreveti (&gt; 2 m)<\/li>\n<\/ul>\n\n\n\n<p><strong>Dvori\u0161te<\/strong><\/p>\n\n\n\n<ul class=\"wp-block-list\">\n<li>terasa za sun\u010danje<\/li>\n\n\n\n<li>balkon<\/li>\n\n\n\n<li>terasa<\/li>\n\n\n\n<li>vrt<\/li>\n<\/ul>\n\n\n\n<p><strong>Kuhinja<\/strong><\/p>\n\n\n\n<ul class=\"wp-block-list\">\n<li>sredstva za \u010di\u0161\u0107enje<\/li>\n\n\n\n<li>kuhalo za vodu<\/li>\n<\/ul>\n\n\n\n<p><strong>Skijanje<\/strong><\/p>\n\n\n\n<ul class=\"wp-block-list\">\n<li>\u0161kola skijanja &#8211; dodatna naknada<\/li>\n\n\n\n<li>spremi\u0161te za skije<\/li>\n<\/ul>\n\n\n\n<p><strong>Sadr\u017eaji sobe<\/strong><\/p>\n\n\n\n<ul class=\"wp-block-list\">\n<li>uti\u010dnica pokraj kreveta<\/li>\n<\/ul>\n\n\n\n<p><strong>Aktivnosti<\/strong><\/p>\n\n\n\n<ul class=\"wp-block-list\">\n<li>Najam bicikla &#8211; dodatna naknada<\/li>\n\n\n\n<li>razgledavanje ili upoznavanje lokalne kulture &#8211; dodatna naknada<\/li>\n\n\n\n<li>azgledavanje biciklom &#8211; dodatna naknada<\/li>\n\n\n\n<li>razgledavanje pje\u0161ice &#8211; dodatna naknada<\/li>\n\n\n\n<li>skijanje &#8211; Izvan objekta<\/li>\n\n\n\n<li>teren za golf (udaljenost oko 3 km) &#8211; dodatna naknada<\/li>\n<\/ul>\n<\/div><\/div>\n\n\n<style>.kadence-column924_f8368a-67 > .kt-inside-inner-col,.kadence-column924_f8368a-67 > .kt-inside-inner-col:before{border-top-left-radius:0px;border-top-right-radius:0px;border-bottom-right-radius:0px;border-bottom-left-radius:0px;}.kadence-column924_f8368a-67 > .kt-inside-inner-col{column-gap:var(--global-kb-gap-sm, 1rem);}.kadence-column924_f8368a-67 > .kt-inside-inner-col{flex-direction:column;}.kadence-column924_f8368a-67 > .kt-inside-inner-col > .aligncenter{width:100%;}.kadence-column924_f8368a-67 > .kt-inside-inner-col:before{opacity:0.3;}.kadence-column924_f8368a-67{position:relative;}@media all and (max-width: 1024px){.kadence-column924_f8368a-67 > .kt-inside-inner-col{flex-direction:column;justify-content:center;}}@media all and (max-width: 767px){.kadence-column924_f8368a-67 > .kt-inside-inner-col{flex-direction:column;justify-content:center;}}<\/style>\n<div class=\"wp-block-kadence-column kadence-column924_f8368a-67 inner-column-2\"><div class=\"kt-inside-inner-col\">\n<p><strong><strong>Dnevni boravak<\/strong><\/strong><\/p>\n\n\n\n<ul class=\"wp-block-list\">\n<li>prostor za sjedenje<\/li>\n\n\n\n<li>radni stol<\/li>\n<\/ul>\n\n\n\n<p><strong><strong><strong>Mediji i tehnologija<\/strong><\/strong><\/strong><\/p>\n\n\n\n<ul class=\"wp-block-list\">\n<li>TV ravnog ekrana<\/li>\n\n\n\n<li>satelitski programi<\/li>\n\n\n\n<li>TV<\/li>\n<\/ul>\n\n\n\n<p><strong>Hrana i pi\u0107e<\/strong><\/p>\n\n\n\n<ul class=\"wp-block-list\">\n<li>kafi\u0107 u okviru objekta<\/li>\n\n\n\n<li>vino\/\u0161ampanjac &#8211; dodatna naknada<\/li>\n\n\n\n<li>jelovnik za poseban program ishrane (na zahtjev)<\/li>\n<\/ul>\n\n\n\n<p><strong>Internet<\/strong><\/p>\n\n\n\n<ul class=\"wp-block-list\">\n<li>Be\u017ei\u010dni pristup internetu dostupan je u smje\u0161tajnim jedinicama i ne napla\u0107uje se.<\/li>\n<\/ul>\n\n\n\n<p><strong>Parking<\/strong><\/p>\n\n\n\n<p>Privatno parkirali\u0161te dostupno je u blizini objekta i nije potrebna rezervacija . Cijena parkirali\u0161ta iznosi \u20ac 12 po danu.<\/p>\n\n\n\n<ul class=\"wp-block-list\">\n<li>parking za osobe s invaliditetom<\/li>\n<\/ul>\n\n\n\n<p><strong>Transport<\/strong><\/p>\n\n\n\n<ul class=\"wp-block-list\">\n<li>usluga prijevoza &#8211; dodatna naknada<\/li>\n<\/ul>\n\n\n\n<p><strong><strong>Usluge recepcije<\/strong><\/strong><\/p>\n\n\n\n<ul class=\"wp-block-list\">\n<li>Mo\u017ee izdati ra\u010dun<\/li>\n\n\n\n<li>privatna prijava\/ odjava<\/li>\n\n\n\n<li>skladi\u0161te prtljage<\/li>\n\n\n\n<li>pult za organizaciju izleta<\/li>\n\n\n\n<li>mjenja\u010dnica<\/li>\n\n\n\n<li>brza prijava\/odjava<\/li>\n\n\n\n<li>Recepcija (24h)<\/li>\n<\/ul>\n\n\n\n<p><strong><strong>Zabava i obiteljski sadr\u017eaji<\/strong><\/strong><\/p>\n\n\n\n<ul class=\"wp-block-list\">\n<li>usluga \u010duvanja djece &#8211; dodatna naknada<\/li>\n<\/ul>\n\n\n\n<p><strong><strong><strong>Usluge \u010di\u0161\u0107enja<\/strong><\/strong><\/strong><\/p>\n\n\n\n<ul class=\"wp-block-list\">\n<li>Svakodnevna usluga \u010di\u0161\u0107enja<\/li>\n\n\n\n<li>pre\u0161a za hla\u010de &#8211; dodatna naknada<\/li>\n\n\n\n<li>usluga peglanja &#8211; dodatna naknada<\/li>\n\n\n\n<li>kemijska \u010distionica &#8211; dodatna naknada<\/li>\n\n\n\n<li>praonica rublja &#8211; dodatna naknada<\/li>\n<\/ul>\n<\/div><\/div>\n\n\n<style>.kadence-column924_430a78-a0 > .kt-inside-inner-col,.kadence-column924_430a78-a0 > .kt-inside-inner-col:before{border-top-left-radius:0px;border-top-right-radius:0px;border-bottom-right-radius:0px;border-bottom-left-radius:0px;}.kadence-column924_430a78-a0 > .kt-inside-inner-col{column-gap:var(--global-kb-gap-sm, 1rem);}.kadence-column924_430a78-a0 > .kt-inside-inner-col{flex-direction:column;}.kadence-column924_430a78-a0 > .kt-inside-inner-col > .aligncenter{width:100%;}.kadence-column924_430a78-a0 > .kt-inside-inner-col:before{opacity:0.3;}.kadence-column924_430a78-a0{position:relative;}@media all and (max-width: 1024px){.kadence-column924_430a78-a0 > .kt-inside-inner-col{flex-direction:column;justify-content:center;}}@media all and (max-width: 767px){.kadence-column924_430a78-a0 > .kt-inside-inner-col{flex-direction:column;justify-content:center;}}<\/style>\n<div class=\"wp-block-kadence-column kadence-column924_430a78-a0 inner-column-3\"><div class=\"kt-inside-inner-col\">\n<p><strong><strong>Poslovni sadr\u017eaji<\/strong><\/strong><\/p>\n\n\n\n<ul class=\"wp-block-list\">\n<li>faks\/fotokopiranje<\/li>\n<\/ul>\n\n\n\n<p><strong>Sigurnost i za\u0161tita<\/strong><\/p>\n\n\n\n<ul class=\"wp-block-list\">\n<li>protupo\u017earni aparati<\/li>\n\n\n\n<li>detektori dima<\/li>\n\n\n\n<li>sigurnosni alarm<\/li>\n\n\n\n<li>pristup klju\u010dem<\/li>\n\n\n\n<li>osiguranje 0-24<\/li>\n\n\n\n<li>sef<\/li>\n<\/ul>\n\n\n\n<p><strong><strong>Op\u0107enito<\/strong><\/strong><\/p>\n\n\n\n<ul class=\"wp-block-list\">\n<li>usluga prijevoza &#8211; dodatna naknada<\/li>\n\n\n\n<li>mala trgovina u okviru objekta<\/li>\n\n\n\n<li>antialergijska soba<\/li>\n\n\n\n<li>prostor za pu\u0161a\u010de<\/li>\n\n\n\n<li>klima-ure\u0111aj<\/li>\n\n\n\n<li>zabranjeno pu\u0161enje u \u010ditavom objektu<\/li>\n\n\n\n<li>sobe s antialergijskom posteljinom<\/li>\n\n\n\n<li>usluga bu\u0111enja<\/li>\n\n\n\n<li>drveni ili parketni pod<\/li>\n\n\n\n<li>grijanje<\/li>\n\n\n\n<li>zvu\u010dna izolacija<\/li>\n\n\n\n<li>privatni ulaz<\/li>\n\n\n\n<li>najam automobila<\/li>\n\n\n\n<li>tepih<\/li>\n\n\n\n<li>zvu\u010dno izolirane sobe<\/li>\n\n\n\n<li>ventilator<\/li>\n\n\n\n<li>obiteljske sobe<\/li>\n\n\n\n<li>brija\u010d\/salon za uljep\u0161avanje<\/li>\n\n\n\n<li>prijevoz iz\/do zra\u010dne luke &#8211; dodatna naknada<\/li>\n\n\n\n<li>sobe za nepu\u0161a\u010de<\/li>\n\n\n\n<li>gla\u010dalo<\/li>\n<\/ul>\n\n\n\n<p><strong><strong>Dostupnost<\/strong><\/strong><\/p>\n\n\n\n<ul class=\"wp-block-list\">\n<li>gornji katovi dostupni isklju\u010divo stepenicama<\/li>\n<\/ul>\n\n\n\n<p><strong>Usluga dostupna na<\/strong><\/p>\n\n\n\n<ul class=\"wp-block-list\">\n<li>engleski<\/li>\n\n\n\n<li>hrvatski<\/li>\n\n\n\n<li>talijanski<\/li>\n\n\n\n<li>turski<\/li>\n<\/ul>\n<\/div><\/div>\n\n<\/div><\/div>","protected":false},"excerpt":{"rendered":"<p>Otkrijte Sarajevo<\/p>\n","protected":false},"author":1,"featured_media":0,"parent":0,"menu_order":0,"comment_status":"closed","ping_status":"closed","template":"templates\/template-fullwidth-boxed.php","meta":{"footnotes":""},"class_list":["post-924","page","type-page","status-publish","hentry"],"yoast_head":"<!-- This site is optimized with the Yoast SEO plugin v27.0 - https:\/\/yoast.com\/product\/yoast-seo-wordpress\/ -->\n<title>Informacije o okolici - Heritage hotel Petrakija<\/title>\n<meta name=\"robots\" content=\"index, follow, max-snippet:-1, max-image-preview:large, max-video-preview:-1\" \/>\n<link rel=\"canonical\" href=\"https:\/\/hotelpetrakija.com\/bs\/informacije-o-okolici\/\" \/>\n<meta property=\"og:locale\" content=\"bs_BA\" \/>\n<meta property=\"og:type\" content=\"article\" \/>\n<meta property=\"og:title\" content=\"Informacije o okolici - Heritage hotel Petrakija\" \/>\n<meta property=\"og:description\" content=\"Otkrijte Sarajevo\" \/>\n<meta property=\"og:url\" content=\"https:\/\/hotelpetrakija.com\/bs\/informacije-o-okolici\/\" \/>\n<meta property=\"og:site_name\" content=\"Heritage hotel Petrakija\" \/>\n<meta property=\"article:modified_time\" content=\"2023-09-02T12:21:11+00:00\" \/>\n<meta name=\"twitter:card\" content=\"summary_large_image\" \/>\n<meta name=\"twitter:label1\" content=\"Est. reading time\" \/>\n\t<meta name=\"twitter:data1\" content=\"3 minute\" \/>\n<script type=\"application\/ld+json\" class=\"yoast-schema-graph\">{\"@context\":\"https:\/\/schema.org\",\"@graph\":[{\"@type\":\"WebPage\",\"@id\":\"https:\/\/hotelpetrakija.com\/bs\/informacije-o-okolici\/\",\"url\":\"https:\/\/hotelpetrakija.com\/bs\/informacije-o-okolici\/\",\"name\":\"Informacije o okolici - Heritage hotel Petrakija\",\"isPartOf\":{\"@id\":\"https:\/\/hotelpetrakija.com\/#website\"},\"datePublished\":\"2022-02-14T12:39:55+00:00\",\"dateModified\":\"2023-09-02T12:21:11+00:00\",\"breadcrumb\":{\"@id\":\"https:\/\/hotelpetrakija.com\/bs\/informacije-o-okolici\/#breadcrumb\"},\"inLanguage\":\"bs-BA\",\"potentialAction\":[{\"@type\":\"ReadAction\",\"target\":[\"https:\/\/hotelpetrakija.com\/bs\/informacije-o-okolici\/\"]}]},{\"@type\":\"BreadcrumbList\",\"@id\":\"https:\/\/hotelpetrakija.com\/bs\/informacije-o-okolici\/#breadcrumb\",\"itemListElement\":[{\"@type\":\"ListItem\",\"position\":1,\"name\":\"Home\",\"item\":\"https:\/\/hotelpetrakija.com\/bs\/\"},{\"@type\":\"ListItem\",\"position\":2,\"name\":\"Informacije o okolici\"}]},{\"@type\":\"WebSite\",\"@id\":\"https:\/\/hotelpetrakija.com\/#website\",\"url\":\"https:\/\/hotelpetrakija.com\/\",\"name\":\"Heritage hotel Petrakija\",\"description\":\"Hotel u centru Sarajeva\",\"publisher\":{\"@id\":\"https:\/\/hotelpetrakija.com\/#organization\"},\"potentialAction\":[{\"@type\":\"SearchAction\",\"target\":{\"@type\":\"EntryPoint\",\"urlTemplate\":\"https:\/\/hotelpetrakija.com\/?s={search_term_string}\"},\"query-input\":{\"@type\":\"PropertyValueSpecification\",\"valueRequired\":true,\"valueName\":\"search_term_string\"}}],\"inLanguage\":\"bs-BA\"},{\"@type\":\"Organization\",\"@id\":\"https:\/\/hotelpetrakija.com\/#organization\",\"name\":\"Heritage hotel Petrakija\",\"url\":\"https:\/\/hotelpetrakija.com\/\",\"logo\":{\"@type\":\"ImageObject\",\"inLanguage\":\"bs-BA\",\"@id\":\"https:\/\/hotelpetrakija.com\/#\/schema\/logo\/image\/\",\"url\":\"https:\/\/hotelpetrakija.com\/wp-content\/uploads\/2023\/08\/HOTEL-PETRAKIJA-LOGO-WHITE.png\",\"contentUrl\":\"https:\/\/hotelpetrakija.com\/wp-content\/uploads\/2023\/08\/HOTEL-PETRAKIJA-LOGO-WHITE.png\",\"width\":982,\"height\":938,\"caption\":\"Heritage hotel Petrakija\"},\"image\":{\"@id\":\"https:\/\/hotelpetrakija.com\/#\/schema\/logo\/image\/\"}}]}<\/script>\n<!-- \/ Yoast SEO plugin. -->","yoast_head_json":{"title":"Informacije o okolici - Heritage hotel Petrakija","robots":{"index":"index","follow":"follow","max-snippet":"max-snippet:-1","max-image-preview":"max-image-preview:large","max-video-preview":"max-video-preview:-1"},"canonical":"https:\/\/hotelpetrakija.com\/bs\/informacije-o-okolici\/","og_locale":"bs_BA","og_type":"article","og_title":"Informacije o okolici - Heritage hotel Petrakija","og_description":"Otkrijte Sarajevo","og_url":"https:\/\/hotelpetrakija.com\/bs\/informacije-o-okolici\/","og_site_name":"Heritage hotel Petrakija","article_modified_time":"2023-09-02T12:21:11+00:00","twitter_card":"summary_large_image","twitter_misc":{"Est. reading time":"3 minute"},"schema":{"@context":"https:\/\/schema.org","@graph":[{"@type":"WebPage","@id":"https:\/\/hotelpetrakija.com\/bs\/informacije-o-okolici\/","url":"https:\/\/hotelpetrakija.com\/bs\/informacije-o-okolici\/","name":"Informacije o okolici - Heritage hotel Petrakija","isPartOf":{"@id":"https:\/\/hotelpetrakija.com\/#website"},"datePublished":"2022-02-14T12:39:55+00:00","dateModified":"2023-09-02T12:21:11+00:00","breadcrumb":{"@id":"https:\/\/hotelpetrakija.com\/bs\/informacije-o-okolici\/#breadcrumb"},"inLanguage":"bs-BA","potentialAction":[{"@type":"ReadAction","target":["https:\/\/hotelpetrakija.com\/bs\/informacije-o-okolici\/"]}]},{"@type":"BreadcrumbList","@id":"https:\/\/hotelpetrakija.com\/bs\/informacije-o-okolici\/#breadcrumb","itemListElement":[{"@type":"ListItem","position":1,"name":"Home","item":"https:\/\/hotelpetrakija.com\/bs\/"},{"@type":"ListItem","position":2,"name":"Informacije o okolici"}]},{"@type":"WebSite","@id":"https:\/\/hotelpetrakija.com\/#website","url":"https:\/\/hotelpetrakija.com\/","name":"Heritage hotel Petrakija","description":"Hotel u centru Sarajeva","publisher":{"@id":"https:\/\/hotelpetrakija.com\/#organization"},"potentialAction":[{"@type":"SearchAction","target":{"@type":"EntryPoint","urlTemplate":"https:\/\/hotelpetrakija.com\/?s={search_term_string}"},"query-input":{"@type":"PropertyValueSpecification","valueRequired":true,"valueName":"search_term_string"}}],"inLanguage":"bs-BA"},{"@type":"Organization","@id":"https:\/\/hotelpetrakija.com\/#organization","name":"Heritage hotel Petrakija","url":"https:\/\/hotelpetrakija.com\/","logo":{"@type":"ImageObject","inLanguage":"bs-BA","@id":"https:\/\/hotelpetrakija.com\/#\/schema\/logo\/image\/","url":"https:\/\/hotelpetrakija.com\/wp-content\/uploads\/2023\/08\/HOTEL-PETRAKIJA-LOGO-WHITE.png","contentUrl":"https:\/\/hotelpetrakija.com\/wp-content\/uploads\/2023\/08\/HOTEL-PETRAKIJA-LOGO-WHITE.png","width":982,"height":938,"caption":"Heritage hotel Petrakija"},"image":{"@id":"https:\/\/hotelpetrakija.com\/#\/schema\/logo\/image\/"}}]}},"_links":{"self":[{"href":"https:\/\/hotelpetrakija.com\/bs\/wp-json\/wp\/v2\/pages\/924","targetHints":{"allow":["GET"]}}],"collection":[{"href":"https:\/\/hotelpetrakija.com\/bs\/wp-json\/wp\/v2\/pages"}],"about":[{"href":"https:\/\/hotelpetrakija.com\/bs\/wp-json\/wp\/v2\/types\/page"}],"author":[{"embeddable":true,"href":"https:\/\/hotelpetrakija.com\/bs\/wp-json\/wp\/v2\/users\/1"}],"replies":[{"embeddable":true,"href":"https:\/\/hotelpetrakija.com\/bs\/wp-json\/wp\/v2\/comments?post=924"}],"version-history":[{"count":0,"href":"https:\/\/hotelpetrakija.com\/bs\/wp-json\/wp\/v2\/pages\/924\/revisions"}],"wp:attachment":[{"href":"https:\/\/hotelpetrakija.com\/bs\/wp-json\/wp\/v2\/media?parent=924"}],"curies":[{"name":"wp","href":"https:\/\/api.w.org\/{rel}","templated":true}]}}