{"id":916,"date":"2022-03-09T13:47:40","date_gmt":"2022-03-09T13:47:40","guid":{"rendered":"https:\/\/hotelpetrakija.com\/o-nama\/"},"modified":"2023-09-02T10:10:12","modified_gmt":"2023-09-02T10:10:12","slug":"o-nama","status":"publish","type":"page","link":"https:\/\/hotelpetrakija.com\/bs\/o-nama\/","title":{"rendered":"O nama"},"content":{"rendered":"\n<div class=\"wp-block-group alignfull has-ast-global-color-0-background-color has-background\"><div class=\"wp-block-group__inner-container is-layout-flow wp-block-group-is-layout-flow\"><style>.kb-image296_7f1ac0-c2.kb-image-is-ratio-size, .kb-image296_7f1ac0-c2 .kb-image-is-ratio-size{max-width:3000px;width:100%;}.wp-block-kadence-column > .kt-inside-inner-col > .kb-image296_7f1ac0-c2.kb-image-is-ratio-size, .wp-block-kadence-column > .kt-inside-inner-col > .kb-image296_7f1ac0-c2 .kb-image-is-ratio-size{align-self:unset;}.kb-image296_7f1ac0-c2{max-width:3000px;}.image-is-svg.kb-image296_7f1ac0-c2{-webkit-flex:0 1 100%;flex:0 1 100%;}.image-is-svg.kb-image296_7f1ac0-c2 img{width:100%;}.kb-image296_7f1ac0-c2 .kb-image-has-overlay:after{opacity:0.3;}<\/style>\n<figure class=\"wp-block-kadence-image kb-image296_7f1ac0-c2 size-full\"><img loading=\"lazy\" decoding=\"async\" width=\"1024\" height=\"683\" src=\"https:\/\/hotelpetrakija.com\/wp-content\/uploads\/2022\/03\/309309124.jpg\" alt=\"\" class=\"kb-img wp-image-558\" srcset=\"https:\/\/hotelpetrakija.com\/wp-content\/uploads\/2022\/03\/309309124.jpg 1024w, https:\/\/hotelpetrakija.com\/wp-content\/uploads\/2022\/03\/309309124-300x200.jpg 300w, https:\/\/hotelpetrakija.com\/wp-content\/uploads\/2022\/03\/309309124-768x512.jpg 768w, https:\/\/hotelpetrakija.com\/wp-content\/uploads\/2022\/03\/309309124-940x627.jpg 940w, https:\/\/hotelpetrakija.com\/wp-content\/uploads\/2022\/03\/309309124-615x410.jpg 615w\" sizes=\"auto, (max-width: 1024px) 100vw, 1024px\" \/><\/figure>\n\n\n<style>.wp-block-kadence-spacer.kt-block-spacer-296_0cea9e-27 .kt-block-spacer{height:60px;}.wp-block-kadence-spacer.kt-block-spacer-296_0cea9e-27 .kt-divider{border-top-width:1px;height:1px;border-top-color:#cba947;width:80%;border-top-style:solid;}<\/style>\n<div class=\"wp-block-kadence-spacer aligncenter kt-block-spacer-296_0cea9e-27\"><div class=\"kt-block-spacer kt-block-spacer-halign-left\"><hr class=\"kt-divider\"\/><\/div><\/div>\n\n\n<style>.wp-block-kadence-advancedheading.kt-adv-heading296_59ecdb-84, .wp-block-kadence-advancedheading.kt-adv-heading296_59ecdb-84[data-kb-block=\"kb-adv-heading296_59ecdb-84\"]{font-style:normal;}.wp-block-kadence-advancedheading.kt-adv-heading296_59ecdb-84 mark.kt-highlight, .wp-block-kadence-advancedheading.kt-adv-heading296_59ecdb-84[data-kb-block=\"kb-adv-heading296_59ecdb-84\"] mark.kt-highlight{font-style:normal;color:#f76a0c;-webkit-box-decoration-break:clone;box-decoration-break:clone;padding-top:0px;padding-right:0px;padding-bottom:0px;padding-left:0px;}.wp-block-kadence-advancedheading.kt-adv-heading296_59ecdb-84 img.kb-inline-image, .wp-block-kadence-advancedheading.kt-adv-heading296_59ecdb-84[data-kb-block=\"kb-adv-heading296_59ecdb-84\"] img.kb-inline-image{width:150px;vertical-align:baseline;}<\/style>\n<p class=\"kt-adv-heading296_59ecdb-84 wp-block-kadence-advancedheading\" data-kb-block=\"kb-adv-heading296_59ecdb-84\">Heritage Hotel Petrakija se nalazi u Sarajevu, na 9 minuta hoda od fontane Sebilj, a nudi ekspresno prijavljivanje i odjavljivanje, sobe bez alergija, vrt, besplatan WiFi i terasu.<\/p>\n\n\n<style>.wp-block-kadence-advancedheading.kt-adv-heading296_ec5310-95, .wp-block-kadence-advancedheading.kt-adv-heading296_ec5310-95[data-kb-block=\"kb-adv-heading296_ec5310-95\"]{font-style:normal;}.wp-block-kadence-advancedheading.kt-adv-heading296_ec5310-95 mark.kt-highlight, .wp-block-kadence-advancedheading.kt-adv-heading296_ec5310-95[data-kb-block=\"kb-adv-heading296_ec5310-95\"] mark.kt-highlight{font-style:normal;color:#f76a0c;-webkit-box-decoration-break:clone;box-decoration-break:clone;padding-top:0px;padding-right:0px;padding-bottom:0px;padding-left:0px;}.wp-block-kadence-advancedheading.kt-adv-heading296_ec5310-95 img.kb-inline-image, .wp-block-kadence-advancedheading.kt-adv-heading296_ec5310-95[data-kb-block=\"kb-adv-heading296_ec5310-95\"] img.kb-inline-image{width:150px;vertical-align:baseline;}<\/style>\n<p class=\"kt-adv-heading296_ec5310-95 wp-block-kadence-advancedheading\" data-kb-block=\"kb-adv-heading296_ec5310-95\">Hotel se nalazi na 9 minuta hoda od Ba\u0161\u010dar\u0161ije i 0,6 km od Latinske \u0107uprije i nudi ostavu za skije. Uz doplatu je mogu\u0107e urediti privatni parking. Hotelske sobe imaju klima-ure\u0111aj, prostor za sjedenje, TV ravnog ekrana sa satelitskim programima, sef te vlastitu kupaonicu s kadom, besplatnim kozmeti\u010dkim priborom i su\u0161ilom za kosu. <\/p>\n\n\n<style>.wp-block-kadence-advancedheading.kt-adv-heading296_c99190-e7, .wp-block-kadence-advancedheading.kt-adv-heading296_c99190-e7[data-kb-block=\"kb-adv-heading296_c99190-e7\"]{font-style:normal;}.wp-block-kadence-advancedheading.kt-adv-heading296_c99190-e7 mark.kt-highlight, .wp-block-kadence-advancedheading.kt-adv-heading296_c99190-e7[data-kb-block=\"kb-adv-heading296_c99190-e7\"] mark.kt-highlight{font-style:normal;color:#f76a0c;-webkit-box-decoration-break:clone;box-decoration-break:clone;padding-top:0px;padding-right:0px;padding-bottom:0px;padding-left:0px;}.wp-block-kadence-advancedheading.kt-adv-heading296_c99190-e7 img.kb-inline-image, .wp-block-kadence-advancedheading.kt-adv-heading296_c99190-e7[data-kb-block=\"kb-adv-heading296_c99190-e7\"] img.kb-inline-image{width:150px;vertical-align:baseline;}<\/style>\n<p class=\"kt-adv-heading296_c99190-e7 wp-block-kadence-advancedheading\" data-kb-block=\"kb-adv-heading296_c99190-e7\">Sve sobe imaju elektri\u010dni \u010dajnik, dok pojedine sobe imaju i balkon, a druge tako\u0111er imaju pogled na grad. U Heritage Hotelu Petrakija sobe imaju posteljinu i pe\u0161kire. U objektu se svakog dana poslu\u017euje bife, kontinentalni ili talijanski doru\u010dak. U hotelu je mogu\u0107e dogovoriti najam bicikala i automobila, a okolica je popularna me\u0111u ljubiteljima skijanja. <\/p>\n\n\n<style>.wp-block-kadence-advancedheading.kt-adv-heading296_c12691-46, .wp-block-kadence-advancedheading.kt-adv-heading296_c12691-46[data-kb-block=\"kb-adv-heading296_c12691-46\"]{font-style:normal;}.wp-block-kadence-advancedheading.kt-adv-heading296_c12691-46 mark.kt-highlight, .wp-block-kadence-advancedheading.kt-adv-heading296_c12691-46[data-kb-block=\"kb-adv-heading296_c12691-46\"] mark.kt-highlight{font-style:normal;color:#f76a0c;-webkit-box-decoration-break:clone;box-decoration-break:clone;padding-top:0px;padding-right:0px;padding-bottom:0px;padding-left:0px;}.wp-block-kadence-advancedheading.kt-adv-heading296_c12691-46 img.kb-inline-image, .wp-block-kadence-advancedheading.kt-adv-heading296_c12691-46[data-kb-block=\"kb-adv-heading296_c12691-46\"] img.kb-inline-image{width:150px;vertical-align:baseline;}<\/style>\n<p class=\"kt-adv-heading296_c12691-46 wp-block-kadence-advancedheading\" data-kb-block=\"kb-adv-heading296_c12691-46\">Osoblje recepcije otvorene 24 sata dnevno govori engleski, hrvatski, talijanski i <strong>turski<\/strong> jezik.<\/p>\n\n\n<style>.wp-block-kadence-advancedheading.kt-adv-heading296_38c517-79, .wp-block-kadence-advancedheading.kt-adv-heading296_38c517-79[data-kb-block=\"kb-adv-heading296_38c517-79\"]{font-style:normal;}.wp-block-kadence-advancedheading.kt-adv-heading296_38c517-79 mark.kt-highlight, .wp-block-kadence-advancedheading.kt-adv-heading296_38c517-79[data-kb-block=\"kb-adv-heading296_38c517-79\"] mark.kt-highlight{font-style:normal;color:#f76a0c;-webkit-box-decoration-break:clone;box-decoration-break:clone;padding-top:0px;padding-right:0px;padding-bottom:0px;padding-left:0px;}.wp-block-kadence-advancedheading.kt-adv-heading296_38c517-79 img.kb-inline-image, .wp-block-kadence-advancedheading.kt-adv-heading296_38c517-79[data-kb-block=\"kb-adv-heading296_38c517-79\"] img.kb-inline-image{width:150px;vertical-align:baseline;}<\/style>\n<p class=\"kt-adv-heading296_38c517-79 wp-block-kadence-advancedheading\" data-kb-block=\"kb-adv-heading296_38c517-79\"> Objekt Heritage Hotel Petrakija smje\u0161ten je u blizini popularnih zanimljivosti, poput Vje\u010dne vatre, Gazi Husrev-begove d\u017eamije i sarajevske gradske vije\u0107nice. Najbli\u017ea zra\u010dna luka, Me\u0111unarodna zra\u010dna luka Sarajevo, udaljena je 9 km od hotela. Uz nadoplatu je mogu\u0107e dogovoriti prijevoz iz\/do zra\u010dne luke.<\/p>\n<\/div><\/div>\n","protected":false},"excerpt":{"rendered":"<p>Heritage Hotel Petrakija se nalazi u Sarajevu, na 9 minuta hoda od fontane Sebilj, a nudi ekspresno prijavljivanje i odjavljivanje, sobe bez alergija, vrt, besplatan [&hellip;]<\/p>\n","protected":false},"author":1,"featured_media":0,"parent":0,"menu_order":0,"comment_status":"closed","ping_status":"closed","template":"","meta":{"footnotes":""},"class_list":["post-916","page","type-page","status-publish","hentry"],"yoast_head":"<!-- This site is optimized with the Yoast SEO plugin v27.0 - https:\/\/yoast.com\/product\/yoast-seo-wordpress\/ -->\n<title>O nama - Heritage hotel Petrakija<\/title>\n<meta name=\"robots\" content=\"index, follow, max-snippet:-1, max-image-preview:large, max-video-preview:-1\" \/>\n<link rel=\"canonical\" href=\"https:\/\/hotelpetrakija.com\/bs\/o-nama\/\" \/>\n<meta property=\"og:locale\" content=\"bs_BA\" \/>\n<meta property=\"og:type\" content=\"article\" \/>\n<meta property=\"og:title\" content=\"O nama - Heritage hotel Petrakija\" \/>\n<meta property=\"og:description\" content=\"Heritage Hotel Petrakija se nalazi u Sarajevu, na 9 minuta hoda od fontane Sebilj, a nudi ekspresno prijavljivanje i odjavljivanje, sobe bez alergija, vrt, besplatan [&hellip;]\" \/>\n<meta property=\"og:url\" content=\"https:\/\/hotelpetrakija.com\/bs\/o-nama\/\" \/>\n<meta property=\"og:site_name\" content=\"Heritage hotel Petrakija\" \/>\n<meta property=\"article:modified_time\" content=\"2023-09-02T10:10:12+00:00\" \/>\n<meta property=\"og:image\" content=\"https:\/\/hotelpetrakija.com\/wp-content\/uploads\/2022\/03\/309309124.jpg\" \/>\n<meta name=\"twitter:card\" content=\"summary_large_image\" \/>\n<meta name=\"twitter:label1\" content=\"Est. reading time\" \/>\n\t<meta name=\"twitter:data1\" content=\"1 minuta\" \/>\n<script type=\"application\/ld+json\" class=\"yoast-schema-graph\">{\"@context\":\"https:\/\/schema.org\",\"@graph\":[{\"@type\":\"WebPage\",\"@id\":\"https:\/\/hotelpetrakija.com\/bs\/o-nama\/\",\"url\":\"https:\/\/hotelpetrakija.com\/bs\/o-nama\/\",\"name\":\"O nama - Heritage hotel Petrakija\",\"isPartOf\":{\"@id\":\"https:\/\/hotelpetrakija.com\/#website\"},\"primaryImageOfPage\":{\"@id\":\"https:\/\/hotelpetrakija.com\/bs\/o-nama\/#primaryimage\"},\"image\":{\"@id\":\"https:\/\/hotelpetrakija.com\/bs\/o-nama\/#primaryimage\"},\"thumbnailUrl\":\"https:\/\/hotelpetrakija.com\/wp-content\/uploads\/2022\/03\/309309124.jpg\",\"datePublished\":\"2022-03-09T13:47:40+00:00\",\"dateModified\":\"2023-09-02T10:10:12+00:00\",\"breadcrumb\":{\"@id\":\"https:\/\/hotelpetrakija.com\/bs\/o-nama\/#breadcrumb\"},\"inLanguage\":\"bs-BA\",\"potentialAction\":[{\"@type\":\"ReadAction\",\"target\":[\"https:\/\/hotelpetrakija.com\/bs\/o-nama\/\"]}]},{\"@type\":\"ImageObject\",\"inLanguage\":\"bs-BA\",\"@id\":\"https:\/\/hotelpetrakija.com\/bs\/o-nama\/#primaryimage\",\"url\":\"https:\/\/hotelpetrakija.com\/wp-content\/uploads\/2022\/03\/309309124.jpg\",\"contentUrl\":\"https:\/\/hotelpetrakija.com\/wp-content\/uploads\/2022\/03\/309309124.jpg\"},{\"@type\":\"BreadcrumbList\",\"@id\":\"https:\/\/hotelpetrakija.com\/bs\/o-nama\/#breadcrumb\",\"itemListElement\":[{\"@type\":\"ListItem\",\"position\":1,\"name\":\"Home\",\"item\":\"https:\/\/hotelpetrakija.com\/bs\/\"},{\"@type\":\"ListItem\",\"position\":2,\"name\":\"O nama\"}]},{\"@type\":\"WebSite\",\"@id\":\"https:\/\/hotelpetrakija.com\/#website\",\"url\":\"https:\/\/hotelpetrakija.com\/\",\"name\":\"Heritage hotel Petrakija\",\"description\":\"Hotel u centru Sarajeva\",\"publisher\":{\"@id\":\"https:\/\/hotelpetrakija.com\/#organization\"},\"potentialAction\":[{\"@type\":\"SearchAction\",\"target\":{\"@type\":\"EntryPoint\",\"urlTemplate\":\"https:\/\/hotelpetrakija.com\/?s={search_term_string}\"},\"query-input\":{\"@type\":\"PropertyValueSpecification\",\"valueRequired\":true,\"valueName\":\"search_term_string\"}}],\"inLanguage\":\"bs-BA\"},{\"@type\":\"Organization\",\"@id\":\"https:\/\/hotelpetrakija.com\/#organization\",\"name\":\"Heritage hotel Petrakija\",\"url\":\"https:\/\/hotelpetrakija.com\/\",\"logo\":{\"@type\":\"ImageObject\",\"inLanguage\":\"bs-BA\",\"@id\":\"https:\/\/hotelpetrakija.com\/#\/schema\/logo\/image\/\",\"url\":\"https:\/\/hotelpetrakija.com\/wp-content\/uploads\/2023\/08\/HOTEL-PETRAKIJA-LOGO-WHITE.png\",\"contentUrl\":\"https:\/\/hotelpetrakija.com\/wp-content\/uploads\/2023\/08\/HOTEL-PETRAKIJA-LOGO-WHITE.png\",\"width\":982,\"height\":938,\"caption\":\"Heritage hotel Petrakija\"},\"image\":{\"@id\":\"https:\/\/hotelpetrakija.com\/#\/schema\/logo\/image\/\"}}]}<\/script>\n<!-- \/ Yoast SEO plugin. -->","yoast_head_json":{"title":"O nama - Heritage hotel Petrakija","robots":{"index":"index","follow":"follow","max-snippet":"max-snippet:-1","max-image-preview":"max-image-preview:large","max-video-preview":"max-video-preview:-1"},"canonical":"https:\/\/hotelpetrakija.com\/bs\/o-nama\/","og_locale":"bs_BA","og_type":"article","og_title":"O nama - Heritage hotel Petrakija","og_description":"Heritage Hotel Petrakija se nalazi u Sarajevu, na 9 minuta hoda od fontane Sebilj, a nudi ekspresno prijavljivanje i odjavljivanje, sobe bez alergija, vrt, besplatan [&hellip;]","og_url":"https:\/\/hotelpetrakija.com\/bs\/o-nama\/","og_site_name":"Heritage hotel Petrakija","article_modified_time":"2023-09-02T10:10:12+00:00","og_image":[{"url":"https:\/\/hotelpetrakija.com\/wp-content\/uploads\/2022\/03\/309309124.jpg","type":"","width":"","height":""}],"twitter_card":"summary_large_image","twitter_misc":{"Est. reading time":"1 minuta"},"schema":{"@context":"https:\/\/schema.org","@graph":[{"@type":"WebPage","@id":"https:\/\/hotelpetrakija.com\/bs\/o-nama\/","url":"https:\/\/hotelpetrakija.com\/bs\/o-nama\/","name":"O nama - Heritage hotel Petrakija","isPartOf":{"@id":"https:\/\/hotelpetrakija.com\/#website"},"primaryImageOfPage":{"@id":"https:\/\/hotelpetrakija.com\/bs\/o-nama\/#primaryimage"},"image":{"@id":"https:\/\/hotelpetrakija.com\/bs\/o-nama\/#primaryimage"},"thumbnailUrl":"https:\/\/hotelpetrakija.com\/wp-content\/uploads\/2022\/03\/309309124.jpg","datePublished":"2022-03-09T13:47:40+00:00","dateModified":"2023-09-02T10:10:12+00:00","breadcrumb":{"@id":"https:\/\/hotelpetrakija.com\/bs\/o-nama\/#breadcrumb"},"inLanguage":"bs-BA","potentialAction":[{"@type":"ReadAction","target":["https:\/\/hotelpetrakija.com\/bs\/o-nama\/"]}]},{"@type":"ImageObject","inLanguage":"bs-BA","@id":"https:\/\/hotelpetrakija.com\/bs\/o-nama\/#primaryimage","url":"https:\/\/hotelpetrakija.com\/wp-content\/uploads\/2022\/03\/309309124.jpg","contentUrl":"https:\/\/hotelpetrakija.com\/wp-content\/uploads\/2022\/03\/309309124.jpg"},{"@type":"BreadcrumbList","@id":"https:\/\/hotelpetrakija.com\/bs\/o-nama\/#breadcrumb","itemListElement":[{"@type":"ListItem","position":1,"name":"Home","item":"https:\/\/hotelpetrakija.com\/bs\/"},{"@type":"ListItem","position":2,"name":"O nama"}]},{"@type":"WebSite","@id":"https:\/\/hotelpetrakija.com\/#website","url":"https:\/\/hotelpetrakija.com\/","name":"Heritage hotel Petrakija","description":"Hotel u centru Sarajeva","publisher":{"@id":"https:\/\/hotelpetrakija.com\/#organization"},"potentialAction":[{"@type":"SearchAction","target":{"@type":"EntryPoint","urlTemplate":"https:\/\/hotelpetrakija.com\/?s={search_term_string}"},"query-input":{"@type":"PropertyValueSpecification","valueRequired":true,"valueName":"search_term_string"}}],"inLanguage":"bs-BA"},{"@type":"Organization","@id":"https:\/\/hotelpetrakija.com\/#organization","name":"Heritage hotel Petrakija","url":"https:\/\/hotelpetrakija.com\/","logo":{"@type":"ImageObject","inLanguage":"bs-BA","@id":"https:\/\/hotelpetrakija.com\/#\/schema\/logo\/image\/","url":"https:\/\/hotelpetrakija.com\/wp-content\/uploads\/2023\/08\/HOTEL-PETRAKIJA-LOGO-WHITE.png","contentUrl":"https:\/\/hotelpetrakija.com\/wp-content\/uploads\/2023\/08\/HOTEL-PETRAKIJA-LOGO-WHITE.png","width":982,"height":938,"caption":"Heritage hotel Petrakija"},"image":{"@id":"https:\/\/hotelpetrakija.com\/#\/schema\/logo\/image\/"}}]}},"_links":{"self":[{"href":"https:\/\/hotelpetrakija.com\/bs\/wp-json\/wp\/v2\/pages\/916","targetHints":{"allow":["GET"]}}],"collection":[{"href":"https:\/\/hotelpetrakija.com\/bs\/wp-json\/wp\/v2\/pages"}],"about":[{"href":"https:\/\/hotelpetrakija.com\/bs\/wp-json\/wp\/v2\/types\/page"}],"author":[{"embeddable":true,"href":"https:\/\/hotelpetrakija.com\/bs\/wp-json\/wp\/v2\/users\/1"}],"replies":[{"embeddable":true,"href":"https:\/\/hotelpetrakija.com\/bs\/wp-json\/wp\/v2\/comments?post=916"}],"version-history":[{"count":0,"href":"https:\/\/hotelpetrakija.com\/bs\/wp-json\/wp\/v2\/pages\/916\/revisions"}],"wp:attachment":[{"href":"https:\/\/hotelpetrakija.com\/bs\/wp-json\/wp\/v2\/media?parent=916"}],"curies":[{"name":"wp","href":"https:\/\/api.w.org\/{rel}","templated":true}]}}